{"id":452,"date":"2022-04-07T15:13:12","date_gmt":"2022-04-07T13:13:12","guid":{"rendered":"https:\/\/www.nizyvanille.com\/?post_type=product&#038;p=452"},"modified":"2025-08-28T16:48:23","modified_gmt":"2025-08-28T14:48:23","slug":"gousses-de-vanille-gourmet-de-13-14cm-petites-gousses","status":"publish","type":"product","link":"https:\/\/www.nizyvanille.com\/?product=gousses-de-vanille-gourmet-de-13-14cm-petites-gousses","title":{"rendered":"GOUSSES DE VANILLE GOURMET DE 12-14CM (PETITES GOUSSES)<br\/><span style=\"color: #f4c21d; font-size: 15px;\">PROMO -15%<\/span>"},"content":{"rendered":"<h3 class=\"descriptionProductPage\">VANILLE<\/h3>\n<p><span class=\"subDescriptionProductPage\" style=\"margin-bottom: 10px!important;\">La qualit\u00e9 d\u2019une vanille est le r\u00e9sultat d\u2019une bonne connaissance et bonne maitrise de l\u2019ensemble des processus de maturation. Le respect des diff\u00e9rentes \u00e9tapes de <strong>fabrication de la vanille est essentiel afin d\u2019obtenir un produit de grande qualit\u00e9<\/strong>.<br \/>\nToute notre Vanille est issue de nos sites de production familiale. Nos terres se trouvent Anjialava Bemarivo SAMBAVA dans le Nord-est de Madagascar.<\/span><\/p>\n<p><span class=\"subDescriptionProductPage\">Nous s\u00e9lectionnons pour vous, avec le plus grand soin, nos meilleures gousses de Vanille avec plusieurs choix de calibre de 13 \u00e0 21 cm, et disponible en diff\u00e9rentes quantit\u00e9s.<br \/>\n<strong>Nos gousses de vanille noir gourmet<\/strong> non fendue sont souples, charnues, huileuses. Tr\u00e8s g\u00e9n\u00e9reuses en graines, elles sont tr\u00e8s parfum\u00e9es en Vanilline avec un taux allant jusqu\u2019\u00e0 \u2019a 2,2%. Ainsi elle se classe dans la meilleure qualit\u00e9 de vanille sur le march\u00e9.<br \/>\nUne gousse gourmet p\u00e8se de 3 \u00e0 7 grammes plus ou moins, selon sa taille et sa grosseur avec un taux d\u2019humidit\u00e9 aux alentours de de 31 \u00e0 35%.<br \/>\nToutes nos gousses ont suivi un affinage en malle pendant une dur\u00e9e minimale de 8 mois.<\/span><\/p>\n","protected":false},"excerpt":{"rendered":"<h3 class=\"descriptionProductPage\">Description<\/h3>\n<p>Soigneusement s\u00e9lectionn\u00e9e pour vous, la gousse de Vanille de Madagascar gourmet extra, non fendue, de calibre plus petit de 13 \u00e0 14cm est dot\u00e9e d\u2019un parfum enivrant de vanille. Id\u00e9ale pour toutes vos pr\u00e9parations quotidiennes sal\u00e9es ou sucr\u00e9es, cette gousse de vanille accompagnera \u00e9galement parfaitement vos rhums arrang\u00e9s et vos cocktails, vos confitures, \u2026<br \/>\nLa vanille est conditionn\u00e9e sous-vide par sachet de 10 gousses.<\/p>\n<h3 class=\"descriptionProductPage\">Conditionnement<\/h3>\n<p><span class=\"subDescriptionProductPage\">La vanille que nous vous livrons, est conditionn\u00e9e sous-vide.<br \/>\n<\/span><\/p>\n<p>&nbsp;<\/p>\n<h6>B\u00e9n\u00e9ficiez de la livraison gratuite d\u00e8s 35\u20ac d\u2019achats, en France m\u00e9tropolitaine.<\/h6>\n<h6>Vous \u00eates professionnel ? demandez votre devis sur-mesure, adapt\u00e9 \u00e0 votre besoin.<\/h6>\n","protected":false},"featured_media":631,"template":"","meta":[],"product_cat":[23],"product_tag":[],"class_list":{"0":"post-452","1":"product","2":"type-product","3":"status-publish","4":"has-post-thumbnail","6":"product_cat-gousses-vanille","8":"first","9":"instock","10":"sale","11":"shipping-taxable","12":"purchasable","13":"product-type-variable"},"_links":{"self":[{"href":"https:\/\/www.nizyvanille.com\/index.php?rest_route=\/wp\/v2\/product\/452","targetHints":{"allow":["GET"]}}],"collection":[{"href":"https:\/\/www.nizyvanille.com\/index.php?rest_route=\/wp\/v2\/product"}],"about":[{"href":"https:\/\/www.nizyvanille.com\/index.php?rest_route=\/wp\/v2\/types\/product"}],"wp:featuredmedia":[{"embeddable":true,"href":"https:\/\/www.nizyvanille.com\/index.php?rest_route=\/wp\/v2\/media\/631"}],"wp:attachment":[{"href":"https:\/\/www.nizyvanille.com\/index.php?rest_route=%2Fwp%2Fv2%2Fmedia&parent=452"}],"wp:term":[{"taxonomy":"product_cat","embeddable":true,"href":"https:\/\/www.nizyvanille.com\/index.php?rest_route=%2Fwp%2Fv2%2Fproduct_cat&post=452"},{"taxonomy":"product_tag","embeddable":true,"href":"https:\/\/www.nizyvanille.com\/index.php?rest_route=%2Fwp%2Fv2%2Fproduct_tag&post=452"}],"curies":[{"name":"wp","href":"https:\/\/api.w.org\/{rel}","templated":true}]}}